{"id":3,"date":"2025-06-23T10:04:29","date_gmt":"2025-06-23T13:04:29","guid":{"rendered":"http:\/\/rcb.ind.br\/?page_id=3"},"modified":"2025-06-24T15:31:43","modified_gmt":"2025-06-24T18:31:43","slug":"sobre","status":"publish","type":"page","link":"https:\/\/rcb.ind.br\/index.php\/sobre\/","title":{"rendered":"Sobre a RCB"},"content":{"rendered":"\n<h2 class=\"wp-block-heading\">Quem somos<\/h2>\n\n\n\n<p>Fabricamos cristais de quartzo osciladores utilizados em gera\u00e7\u00e3o de radiofrequ\u00eancia ou clock de equipamentos eletr\u00f4nicos segundo especifica\u00e7\u00f5es do cliente.<\/p>\n\n\n\n<p>S\u00e3o d\u00e9cadas de experi\u00eancia em fabrica\u00e7\u00e3o de cristais sob encomenda.<\/p>\n\n\n\n<p>Temos condi\u00e7\u00f5es de atender a pedidos a partir de uma \u00fanica pe\u00e7a.<\/p>\n\n\n\n<p>Entre em&nbsp;<a href=\"https:\/\/rcb.ind.br\/index.php\/contato\/\">contato&nbsp;<\/a>para mais detalhes sobre como adquirir nossos produtos.<\/p>\n\n\n\n<hr class=\"wp-block-separator has-alpha-channel-opacity\"\/>\n\n\n\n<h2 class=\"wp-block-heading\">Hist\u00f3ria<\/h2>\n\n\n\n<p>Em breve mais informa\u00e7\u00f5es<\/p>\n\n\n\n<p><\/p>\n","protected":false},"excerpt":{"rendered":"<p>Quem somos Fabricamos cristais de quartzo osciladores utilizados em gera\u00e7\u00e3o de radiofrequ\u00eancia ou clock de equipamentos eletr\u00f4nicos segundo especifica\u00e7\u00f5es do cliente. S\u00e3o d\u00e9cadas de experi\u00eancia em fabrica\u00e7\u00e3o de cristais sob encomenda. Temos condi\u00e7\u00f5es de atender a pedidos a partir de uma \u00fanica pe\u00e7a. Entre em&nbsp;contato&nbsp;para mais detalhes sobre como adquirir nossos produtos. Hist\u00f3ria Em breve [&hellip;]<\/p>\n","protected":false},"author":1,"featured_media":0,"parent":0,"menu_order":0,"comment_status":"closed","ping_status":"open","template":"","meta":{"footnotes":""},"class_list":["post-3","page","type-page","status-publish","hentry"],"_links":{"self":[{"href":"https:\/\/rcb.ind.br\/index.php\/wp-json\/wp\/v2\/pages\/3","targetHints":{"allow":["GET"]}}],"collection":[{"href":"https:\/\/rcb.ind.br\/index.php\/wp-json\/wp\/v2\/pages"}],"about":[{"href":"https:\/\/rcb.ind.br\/index.php\/wp-json\/wp\/v2\/types\/page"}],"author":[{"embeddable":true,"href":"https:\/\/rcb.ind.br\/index.php\/wp-json\/wp\/v2\/users\/1"}],"replies":[{"embeddable":true,"href":"https:\/\/rcb.ind.br\/index.php\/wp-json\/wp\/v2\/comments?post=3"}],"version-history":[{"count":5,"href":"https:\/\/rcb.ind.br\/index.php\/wp-json\/wp\/v2\/pages\/3\/revisions"}],"predecessor-version":[{"id":136,"href":"https:\/\/rcb.ind.br\/index.php\/wp-json\/wp\/v2\/pages\/3\/revisions\/136"}],"wp:attachment":[{"href":"https:\/\/rcb.ind.br\/index.php\/wp-json\/wp\/v2\/media?parent=3"}],"curies":[{"name":"wp","href":"https:\/\/api.w.org\/{rel}","templated":true}]}}