{"id":132,"date":"2025-06-24T15:08:44","date_gmt":"2025-06-24T18:08:44","guid":{"rendered":"https:\/\/rcb.ind.br\/?page_id=132"},"modified":"2025-06-24T15:10:23","modified_gmt":"2025-06-24T18:10:23","slug":"cristais-disponiveis-a-pronta-entrega","status":"publish","type":"page","link":"https:\/\/rcb.ind.br\/index.php\/cristais-disponiveis-a-pronta-entrega\/","title":{"rendered":"Cristais dispon\u00edveis \u00e0 pronta entrega"},"content":{"rendered":"\n<p>Antes de encomendar seu cristal, verifique se temos dispon\u00edvel alguma unidade pronta.<\/p>\n\n\n\n<p>A listagem pode estar desatualizada, ent\u00e3o \u00e9 necess\u00e1rio consulta para confirma\u00e7\u00e3o do estoque f\u00edsico.<\/p>\n\n\n\n<p>Para os produtos prontos em promo\u00e7\u00e3o a quantidade m\u00ednima \u00e9 de 10 unidades, mesmo de frequ\u00eancias diferentes.<\/p>\n\n\n\n<hr class=\"wp-block-separator has-alpha-channel-opacity\"\/>\n\n\n\n<div data-wp-interactive=\"core\/file\" class=\"wp-block-file\"><object data-wp-bind--hidden=\"!state.hasPdfPreview\" hidden class=\"wp-block-file__embed\" data=\"https:\/\/rcb.ind.br\/wp-content\/uploads\/2025\/06\/Venda-Estoque-V-_12-2024.pdf\" type=\"application\/pdf\" style=\"width:100%;height:600px\" aria-label=\"Embed of Venda -Estoque  V _12 2024.\"><\/object><a id=\"wp-block-file--media-cbe33de0-dd11-4ac8-bb54-9afcbc336329\" href=\"https:\/\/rcb.ind.br\/wp-content\/uploads\/2025\/06\/Venda-Estoque-V-_12-2024.pdf\">Venda -Estoque  V _12 2024<\/a><a href=\"https:\/\/rcb.ind.br\/wp-content\/uploads\/2025\/06\/Venda-Estoque-V-_12-2024.pdf\" class=\"wp-block-file__button wp-element-button\" download aria-describedby=\"wp-block-file--media-cbe33de0-dd11-4ac8-bb54-9afcbc336329\">Baixar<\/a><\/div>\n","protected":false},"excerpt":{"rendered":"<p>Antes de encomendar seu cristal, verifique se temos dispon\u00edvel alguma unidade pronta. A listagem pode estar desatualizada, ent\u00e3o \u00e9 necess\u00e1rio consulta para confirma\u00e7\u00e3o do estoque f\u00edsico. Para os produtos prontos em promo\u00e7\u00e3o a quantidade m\u00ednima \u00e9 de 10 unidades, mesmo de frequ\u00eancias diferentes.<\/p>\n","protected":false},"author":1,"featured_media":0,"parent":0,"menu_order":1,"comment_status":"closed","ping_status":"closed","template":"","meta":{"footnotes":""},"class_list":["post-132","page","type-page","status-publish","hentry"],"_links":{"self":[{"href":"https:\/\/rcb.ind.br\/index.php\/wp-json\/wp\/v2\/pages\/132","targetHints":{"allow":["GET"]}}],"collection":[{"href":"https:\/\/rcb.ind.br\/index.php\/wp-json\/wp\/v2\/pages"}],"about":[{"href":"https:\/\/rcb.ind.br\/index.php\/wp-json\/wp\/v2\/types\/page"}],"author":[{"embeddable":true,"href":"https:\/\/rcb.ind.br\/index.php\/wp-json\/wp\/v2\/users\/1"}],"replies":[{"embeddable":true,"href":"https:\/\/rcb.ind.br\/index.php\/wp-json\/wp\/v2\/comments?post=132"}],"version-history":[{"count":1,"href":"https:\/\/rcb.ind.br\/index.php\/wp-json\/wp\/v2\/pages\/132\/revisions"}],"predecessor-version":[{"id":134,"href":"https:\/\/rcb.ind.br\/index.php\/wp-json\/wp\/v2\/pages\/132\/revisions\/134"}],"wp:attachment":[{"href":"https:\/\/rcb.ind.br\/index.php\/wp-json\/wp\/v2\/media?parent=132"}],"curies":[{"name":"wp","href":"https:\/\/api.w.org\/{rel}","templated":true}]}}