{"id":41,"date":"2025-06-23T17:56:51","date_gmt":"2025-06-23T20:56:51","guid":{"rendered":"https:\/\/rcb.ind.br\/?page_id=41"},"modified":"2025-07-06T12:35:05","modified_gmt":"2025-07-06T15:35:05","slug":"cristais-sob-medida","status":"publish","type":"page","link":"http:\/\/rcb.ind.br\/","title":{"rendered":"Cristais osciladores sob medida"},"content":{"rendered":"\n<blockquote class=\"wp-block-quote is-layout-flow wp-block-quote-is-layout-flow\">\n<p>Fabricamos cristais de quartzo osciladores utilizados em gera\u00e7\u00e3o de radiofrequ\u00eancia ou clock de equipamentos eletr\u00f4nicos segundo especifica\u00e7\u00f5es do cliente.<\/p>\n<\/blockquote>\n\n\n\n<p>S\u00e3o d\u00e9cadas de experi\u00eancia em fabrica\u00e7\u00e3o de cristais sob encomenda.<\/p>\n\n\n\n<p>Temos condi\u00e7\u00f5es de atender pedidos a partir de uma \u00fanica pe\u00e7a.<\/p>\n\n\n\n<p>Entre em <a href=\"https:\/\/rcb.ind.br\/index.php\/contato\/\" data-type=\"page\" data-id=\"99\">contato <\/a>para mais detalhes sobre como adquirir nossos produtos<\/p>\n\n\n\n<div style=\"height:30px\" aria-hidden=\"true\" class=\"wp-block-spacer\"><\/div>\n\n\n\n<p><\/p>\n\n\n\n<h2 class=\"wp-block-heading\">Cristais \u00e0 pronta entrega:<\/h2>\n\n\n\n<p>Possu\u00edmos estoque de cristais prontos para envio, a pre\u00e7os promocionais.<\/p>\n\n\n\n<p>Veja a rela\u00e7\u00e3o na postagem: <a href=\"https:\/\/rcb.ind.br\/index.php\/cristais-disponiveis-a-pronta-entrega\/\" data-type=\"page\" data-id=\"132\">Cristais dispon\u00edveis \u00e0 pronta entrega<\/a><\/p>\n\n\n\n<div style=\"height:30px\" aria-hidden=\"true\" class=\"wp-block-spacer\"><\/div>\n\n\n\n<p>Para informa\u00e7\u00f5es sobre as dimens\u00f5es dos inv\u00f3lucros (encapsulamentos) veja a postagem:<\/p>\n\n\n\n<p><a href=\"https:\/\/rcb.ind.br\/index.php\/2025\/06\/23\/dimensoes-dos-involucros\/\">Dimens\u00f5es dos Inv\u00f3lucros<\/a><\/p>\n\n\n\n<p><\/p>\n","protected":false},"excerpt":{"rendered":"<p>Fabricamos cristais de quartzo osciladores utilizados em gera\u00e7\u00e3o de radiofrequ\u00eancia ou clock de equipamentos eletr\u00f4nicos segundo especifica\u00e7\u00f5es do cliente. S\u00e3o d\u00e9cadas de experi\u00eancia em fabrica\u00e7\u00e3o de cristais sob encomenda. Temos condi\u00e7\u00f5es de atender pedidos a partir de uma \u00fanica pe\u00e7a. Entre em contato para mais detalhes sobre como adquirir nossos produtos Cristais \u00e0 pronta entrega: [&hellip;]<\/p>\n","protected":false},"author":1,"featured_media":0,"parent":0,"menu_order":0,"comment_status":"closed","ping_status":"closed","template":"","meta":{"footnotes":""},"class_list":["post-41","page","type-page","status-publish","hentry"],"_links":{"self":[{"href":"http:\/\/rcb.ind.br\/index.php\/wp-json\/wp\/v2\/pages\/41","targetHints":{"allow":["GET"]}}],"collection":[{"href":"http:\/\/rcb.ind.br\/index.php\/wp-json\/wp\/v2\/pages"}],"about":[{"href":"http:\/\/rcb.ind.br\/index.php\/wp-json\/wp\/v2\/types\/page"}],"author":[{"embeddable":true,"href":"http:\/\/rcb.ind.br\/index.php\/wp-json\/wp\/v2\/users\/1"}],"replies":[{"embeddable":true,"href":"http:\/\/rcb.ind.br\/index.php\/wp-json\/wp\/v2\/comments?post=41"}],"version-history":[{"count":13,"href":"http:\/\/rcb.ind.br\/index.php\/wp-json\/wp\/v2\/pages\/41\/revisions"}],"predecessor-version":[{"id":196,"href":"http:\/\/rcb.ind.br\/index.php\/wp-json\/wp\/v2\/pages\/41\/revisions\/196"}],"wp:attachment":[{"href":"http:\/\/rcb.ind.br\/index.php\/wp-json\/wp\/v2\/media?parent=41"}],"curies":[{"name":"wp","href":"https:\/\/api.w.org\/{rel}","templated":true}]}}